{"id":1546,"date":"2025-07-25T01:50:31","date_gmt":"2025-07-24T23:50:31","guid":{"rendered":"https:\/\/festiwalkns.pl\/?page_id=1546"},"modified":"2025-07-25T09:19:33","modified_gmt":"2025-07-25T07:19:33","slug":"festiwal-kns","status":"publish","type":"page","link":"https:\/\/festiwalkns.pl\/?page_id=1546","title":{"rendered":"Festiwal KNS"},"content":{"rendered":"\t\t<div data-elementor-type=\"wp-page\" data-elementor-id=\"1546\" class=\"elementor elementor-1546\">\n\t\t\t\t<div class=\"elementor-element elementor-element-0187f22 alignwide e-flex e-con-boxed e-con e-parent\" data-id=\"0187f22\" data-element_type=\"container\">\n\t\t\t\t\t<div class=\"e-con-inner\">\n\t\t<div class=\"elementor-element elementor-element-00be534 e-con-full e-flex e-con e-child\" data-id=\"00be534\" data-element_type=\"container\" data-settings=\"{&quot;background_background&quot;:&quot;classic&quot;}\">\n\t\t\t\t<div class=\"elementor-element elementor-element-ec9aa56 elementor-widget elementor-widget-heading\" data-id=\"ec9aa56\" data-element_type=\"widget\" data-widget_type=\"heading.default\">\n\t\t\t\t\t<h3 class=\"elementor-heading-title elementor-size-default\">Zapisz si\u0119 na Festiwal KNS<\/h3>\t\t\t\t<\/div>\n\t\t\t\t<div class=\"elementor-element elementor-element-1275b71 elementor-mobile-align-center elementor-widget elementor-widget-button\" data-id=\"1275b71\" data-element_type=\"widget\" data-widget_type=\"button.default\">\n\t\t\t\t\t\t\t\t\t\t<a class=\"elementor-button elementor-button-link elementor-size-sm\" href=\"#zapisy\">\n\t\t\t\t\t\t<span class=\"elementor-button-content-wrapper\">\n\t\t\t\t\t\t\t\t\t<span class=\"elementor-button-text\">Wype\u0142nij formularz<\/span>\n\t\t\t\t\t<\/span>\n\t\t\t\t\t<\/a>\n\t\t\t\t\t\t\t\t<\/div>\n\t\t\t\t<\/div>\n\t\t<div class=\"elementor-element elementor-element-77fbfc2 e-con-full e-flex e-con e-child\" data-id=\"77fbfc2\" data-element_type=\"container\" data-settings=\"{&quot;background_background&quot;:&quot;classic&quot;}\">\n\t\t\t\t<\/div>\n\t\t\t\t\t<\/div>\n\t\t\t\t<\/div>\n\t\t<div class=\"elementor-element elementor-element-111481b e-flex e-con-boxed e-con e-parent\" data-id=\"111481b\" data-element_type=\"container\" id=\"zapisy\" data-settings=\"{&quot;background_background&quot;:&quot;classic&quot;}\">\n\t\t\t\t\t<div class=\"e-con-inner\">\n\t\t<div class=\"elementor-element elementor-element-de4b647 e-flex e-con-boxed e-con e-child\" data-id=\"de4b647\" data-element_type=\"container\" data-settings=\"{&quot;background_background&quot;:&quot;classic&quot;}\">\n\t\t\t\t\t<div class=\"e-con-inner\">\n\t\t\t\t<div class=\"elementor-element elementor-element-d90a3a8 elementor-widget elementor-widget-heading\" data-id=\"d90a3a8\" data-element_type=\"widget\" data-widget_type=\"heading.default\">\n\t\t\t\t\t<h2 class=\"elementor-heading-title elementor-size-default\">Wybierz interesuj\u0105ce Ci\u0119 wydarzenie\/a:<\/h2>\t\t\t\t<\/div>\n\t\t\t\t<div class=\"elementor-element elementor-element-e4ced22 elementor-widget elementor-widget-shortcode\" data-id=\"e4ced22\" data-element_type=\"widget\" data-widget_type=\"shortcode.default\">\n\t\t\t\t\t\t\t<div class=\"elementor-shortcode\"><div class=\"wpforms-container wpforms-render-modern\" id=\"wpforms-122\"><form id=\"wpforms-form-122\" class=\"wpforms-validate wpforms-form wpforms-ajax-form\" data-formid=\"122\" method=\"post\" enctype=\"multipart\/form-data\" action=\"\/index.php?rest_route=%2Fwp%2Fv2%2Fpages%2F1546\" data-token=\"b4bd4c970384eab31c63abd73081c184\" data-token-time=\"1777204287\"><noscript class=\"wpforms-error-noscript\">Please enable JavaScript in your browser to complete this form.<\/noscript><div id=\"wpforms-error-noscript\" style=\"display: none;\">Please enable JavaScript in your browser to complete this form.<\/div><div class=\"wpforms-field-container\"><div id=\"wpforms-122-field_11-container\" class=\"wpforms-field wpforms-field-name\" data-field-id=\"11\"><label class=\"wpforms-field-label\" for=\"wpforms-122-field_11\">Imi\u0119 i nazwisko <span class=\"wpforms-required-label\" aria-hidden=\"true\">*<\/span><\/label><input type=\"text\" id=\"wpforms-122-field_11\" class=\"wpforms-field-medium wpforms-field-required\" name=\"wpforms[fields][11]\" aria-errormessage=\"wpforms-122-field_11-error\" required><\/div><div id=\"wpforms-122-field_12-container\" class=\"wpforms-field wpforms-field-email\" data-field-id=\"12\"><label class=\"wpforms-field-label\" for=\"wpforms-122-field_12\">Adres e-mail <span class=\"wpforms-required-label\" aria-hidden=\"true\">*<\/span><\/label><input type=\"email\" id=\"wpforms-122-field_12\" class=\"wpforms-field-medium wpforms-field-required\" name=\"wpforms[fields][12]\" spellcheck=\"false\" aria-errormessage=\"wpforms-122-field_12-error\" required><\/div>\t\t<div id=\"wpforms-122-field_1-container\"\n\t\t\tclass=\"wpforms-field wpforms-field-text\"\n\t\t\tdata-field-type=\"text\"\n\t\t\tdata-field-id=\"1\"\n\t\t\t>\n\t\t\t<label class=\"wpforms-field-label\" for=\"wpforms-122-field_1\" >Imi\u0119 e-mail i<\/label>\n\t\t\t<input type=\"text\" id=\"wpforms-122-field_1\" class=\"wpforms-field-medium\" name=\"wpforms[fields][1]\" >\n\t\t<\/div>\n\t\t<div id=\"wpforms-122-field_13-container\" class=\"wpforms-field wpforms-field-text\" data-field-id=\"13\"><label class=\"wpforms-field-label\" for=\"wpforms-122-field_13\">Numer telefonu (opcjonalnie)<\/label><input type=\"text\" id=\"wpforms-122-field_13\" class=\"wpforms-field-medium\" name=\"wpforms[fields][13]\" aria-errormessage=\"wpforms-122-field_13-error\" ><\/div><div id=\"wpforms-122-field_15-container\" class=\"wpforms-field wpforms-field-checkbox\" data-field-id=\"15\"><fieldset><legend class=\"wpforms-field-label\">18 wrze\u015bnia 2025<\/legend><ul id=\"wpforms-122-field_15\"><li class=\"choice-1 depth-1\"><input type=\"checkbox\" id=\"wpforms-122-field_15_1\" name=\"wpforms[fields][15][]\" value=\"17:30 \u2013 Otwarcie Festiwalu.  17:45 \u2013 Wyk\u0142ad inauguracyjny.  19:00 \u2013 Uroczysta Gala z wr\u0119czeniem Nagrody \u201eBonum et Lucrum\u201d i wyr\u00f3\u017cnienia najlepszej publikacji z zakresu KNS.\" aria-errormessage=\"wpforms-122-field_15_1-error\"  ><label class=\"wpforms-field-label-inline\" for=\"wpforms-122-field_15_1\">17:30 \u2013 Otwarcie Festiwalu.  17:45 \u2013 Wyk\u0142ad inauguracyjny.  19:00 \u2013 Uroczysta Gala z wr\u0119czeniem Nagrody \u201eBonum et Lucrum\u201d i wyr\u00f3\u017cnienia najlepszej publikacji z zakresu KNS.<\/label><\/li><\/ul><\/fieldset><\/div><div id=\"wpforms-122-field_16-container\" class=\"wpforms-field wpforms-field-checkbox\" data-field-id=\"16\"><fieldset><legend class=\"wpforms-field-label\">19 wrze\u015bnia 2025<\/legend><ul id=\"wpforms-122-field_16\"><li class=\"choice-1 depth-1\"><input type=\"checkbox\" id=\"wpforms-122-field_16_1\" name=\"wpforms[fields][16][]\" value=\"Wyk\u0142ad wprowadzaj\u0105cy godz. 11:00-12:00\" aria-errormessage=\"wpforms-122-field_16_1-error\"  ><label class=\"wpforms-field-label-inline\" for=\"wpforms-122-field_16_1\">Wyk\u0142ad wprowadzaj\u0105cy godz. 11:00-12:00<\/label><\/li><li class=\"choice-2 depth-1\"><input type=\"checkbox\" id=\"wpforms-122-field_16_2\" name=\"wpforms[fields][16][]\" value=\"I DEBATA ekspercka: Jaka edukacja, taka przysz\u0142o\u015b\u0107 \u2013 Quo vadis, polska szko\u0142o? godz. 12:15-13:45\" aria-errormessage=\"wpforms-122-field_16_2-error\"  ><label class=\"wpforms-field-label-inline\" for=\"wpforms-122-field_16_2\">I DEBATA ekspercka: Jaka edukacja, taka przysz\u0142o\u015b\u0107 \u2013 Quo vadis, polska szko\u0142o? godz. 12:15-13:45<\/label><\/li><li class=\"choice-3 depth-1\"><input type=\"checkbox\" id=\"wpforms-122-field_16_3\" name=\"wpforms[fields][16][]\" value=\"II DEBATA ekspercka: Europa - mi\u0119dzy egoizmem a dobrem wsp\u00f3lnym godz. 15:30-17:00\" aria-errormessage=\"wpforms-122-field_16_3-error\"  ><label class=\"wpforms-field-label-inline\" for=\"wpforms-122-field_16_3\">II DEBATA ekspercka: Europa - mi\u0119dzy egoizmem a dobrem wsp\u00f3lnym godz. 15:30-17:00<\/label><\/li><li class=\"choice-4 depth-1\"><input type=\"checkbox\" id=\"wpforms-122-field_16_4\" name=\"wpforms[fields][16][]\" value=\"III DEBATA ekspercka: \u015awiat w kryzysie. Wojna, migracje i odpowiedzialno\u015b\u0107.  godz. 17:15-18:45\" aria-errormessage=\"wpforms-122-field_16_4-error\"  ><label class=\"wpforms-field-label-inline\" for=\"wpforms-122-field_16_4\">III DEBATA ekspercka: \u015awiat w kryzysie. Wojna, migracje i odpowiedzialno\u015b\u0107.  godz. 17:15-18:45<\/label><\/li><\/ul><\/fieldset><\/div><div id=\"wpforms-122-field_17-container\" class=\"wpforms-field wpforms-field-checkbox\" data-field-id=\"17\"><fieldset><legend class=\"wpforms-field-label\">20 wrze\u015bnia 2025<\/legend><ul id=\"wpforms-122-field_17\"><li class=\"choice-1 depth-1\"><input type=\"checkbox\" id=\"wpforms-122-field_17_1\" name=\"wpforms[fields][17][]\" value=\"Warsztaty, godz. 10:00-13:00\" aria-errormessage=\"wpforms-122-field_17_1-error\" aria-describedby=\"wpforms-122-field_17-description\"  ><label class=\"wpforms-field-label-inline\" for=\"wpforms-122-field_17_1\">Warsztaty, godz. 10:00-13:00<\/label><\/li><\/ul><div id=\"wpforms-122-field_17-description\" class=\"wpforms-field-description\">Katolickie Stowarzyszenie \u201eCivitas Christiana\u201d, ul. Wsp\u00f3lna 25, Warszawa. <\/div><\/fieldset><\/div><div id=\"wpforms-122-field_19-container\" class=\"wpforms-field wpforms-field-radio\" data-field-id=\"19\"><fieldset><legend class=\"wpforms-field-label\">Zgoda <span class=\"wpforms-required-label\" aria-hidden=\"true\">*<\/span><\/legend><ul id=\"wpforms-122-field_19\" class=\"wpforms-field-required\"><li class=\"choice-1 depth-1\"><input type=\"radio\" id=\"wpforms-122-field_19_1\" name=\"wpforms[fields][19]\" value=\"Wyra\u017cam zgod\u0119 na otrzymywanie informacji o wydarzeniach, imprezach i konkursach organizowanych przez Katolickie Stowarzyszenie \u201eCivitas Christiana\u201d z siedzib\u0105 przy ul. Wsp\u00f3lnej 25, 00-519 Warszawa na podany przeze mnie adres e-mail i nr telefonu kom\u00f3rkowego. Przyjmuj\u0119 do wiadomo\u015bci, \u017ce niniejsza zgoda mo\u017ce zosta\u0107 odwo\u0142ana w ka\u017cdym czasie, w szczeg\u00f3lno\u015bci poprzez kontakt na adres e-mail: iod@civitaschristiana.pl\" aria-errormessage=\"wpforms-122-field_19_1-error\" required ><label class=\"wpforms-field-label-inline\" for=\"wpforms-122-field_19_1\">Wyra\u017cam zgod\u0119 na otrzymywanie informacji o wydarzeniach, imprezach i konkursach organizowanych przez Katolickie Stowarzyszenie \u201eCivitas Christiana\u201d z siedzib\u0105 przy ul. Wsp\u00f3lnej 25, 00-519 Warszawa na podany przeze mnie adres e-mail i nr telefonu kom\u00f3rkowego. Przyjmuj\u0119 do wiadomo\u015bci, \u017ce niniejsza zgoda mo\u017ce zosta\u0107 odwo\u0142ana w ka\u017cdym czasie, w szczeg\u00f3lno\u015bci poprzez kontakt na adres e-mail: iod@civitaschristiana.pl<\/label><\/li><\/ul><\/fieldset><\/div><script>\n\t\t\t\t( function() {\n\t\t\t\t\tconst style = document.createElement( 'style' );\n\t\t\t\t\tstyle.appendChild( document.createTextNode( '#wpforms-122-field_1-container { position: absolute !important; overflow: hidden !important; display: inline !important; height: 1px !important; width: 1px !important; z-index: -1000 !important; padding: 0 !important; } #wpforms-122-field_1-container input { visibility: hidden; } #wpforms-conversational-form-page #wpforms-122-field_1-container label { counter-increment: none; }' ) );\n\t\t\t\t\tdocument.head.appendChild( style );\n\t\t\t\t\tdocument.currentScript?.remove();\n\t\t\t\t} )();\n\t\t\t<\/script><\/div><!-- .wpforms-field-container --><div class=\"wpforms-submit-container\" ><input type=\"hidden\" name=\"wpforms[id]\" value=\"122\"><input type=\"hidden\" name=\"page_title\" value=\"\"><input type=\"hidden\" name=\"page_url\" value=\"https:\/\/festiwalkns.pl\/index.php?rest_route=\/wp\/v2\/pages\/1546\"><input type=\"hidden\" name=\"url_referer\" value=\"\"><button type=\"submit\" name=\"wpforms[submit]\" id=\"wpforms-submit-122\" class=\"wpforms-submit\" data-alt-text=\"Wysy\u0142anie...\" data-submit-text=\"ZAPISZ SI\u0118\" aria-live=\"assertive\" value=\"wpforms-submit\">ZAPISZ SI\u0118<\/button><img decoding=\"async\" src=\"https:\/\/festiwalkns.pl\/wp-content\/plugins\/wpforms\/assets\/images\/submit-spin.svg\" class=\"wpforms-submit-spinner\" style=\"display: none;\" width=\"26\" height=\"26\" alt=\"Loading\"><\/div><\/form><\/div>  <!-- .wpforms-container --><\/div>\n\t\t\t\t\t\t<\/div>\n\t\t\t\t<div class=\"elementor-element elementor-element-22ab4eb elementor-widget elementor-widget-text-editor\" data-id=\"22ab4eb\" data-element_type=\"widget\" data-widget_type=\"text-editor.default\">\n\t\t\t\t\t\t\t\t\t<p>Administratorem Twoich danych osobowych jest Katolickie Stowarzyszenie \u201eCivitas Christiana\u201d. W tre\u015bci <a href=\"https:\/\/festiwalkns.pl\/?page_id=1576\u2197\">\u201eKlauzuli informacyjnej\u201d<\/a> znajdziesz szczeg\u00f3\u0142owe informacje o przetwarzaniu Twoich danych osobowych.<\/p>\t\t\t\t\t\t\t\t<\/div>\n\t\t\t\t\t<\/div>\n\t\t\t\t<\/div>\n\t\t\t\t\t<\/div>\n\t\t\t\t<\/div>\n\t\t<div class=\"elementor-element elementor-element-5128708 e-flex e-con-boxed e-con e-parent\" data-id=\"5128708\" data-element_type=\"container\" id=\"kontakt\" data-settings=\"{&quot;background_background&quot;:&quot;classic&quot;}\">\n\t\t\t\t\t<div class=\"e-con-inner\">\n\t\t<div class=\"elementor-element elementor-element-503211c e-con-full e-flex e-con e-child\" data-id=\"503211c\" data-element_type=\"container\">\n\t\t\t\t<div class=\"elementor-element elementor-element-474c428 elementor-widget elementor-widget-text-editor\" data-id=\"474c428\" data-element_type=\"widget\" data-widget_type=\"text-editor.default\">\n\t\t\t\t\t\t\t\t\t<p>Masz pytania? Skontaktuj si\u0119 z nami:<\/p>\t\t\t\t\t\t\t\t<\/div>\n\t\t\t\t<div class=\"elementor-element elementor-element-86dd112 elementor-widget elementor-widget-heading\" data-id=\"86dd112\" data-element_type=\"widget\" data-widget_type=\"heading.default\">\n\t\t\t\t\t<h3 class=\"elementor-heading-title elementor-size-default\">festiwalkns@civitaschristiana.pl<\/h3>\t\t\t\t<\/div>\n\t\t\t\t<\/div>\n\t\t<div class=\"elementor-element elementor-element-e50eaa4 e-con-full e-flex e-con e-child\" data-id=\"e50eaa4\" data-element_type=\"container\">\n\t\t\t\t<div class=\"elementor-element elementor-element-a142e18 elementor-widget elementor-widget-image\" data-id=\"a142e18\" data-element_type=\"widget\" data-widget_type=\"image.default\">\n\t\t\t\t\t\t\t\t\t\t\t\t\t\t\t<img fetchpriority=\"high\" decoding=\"async\" width=\"1024\" height=\"683\" src=\"https:\/\/festiwalkns.pl\/wp-content\/uploads\/2025\/07\/DSC_0686-1024x683.jpg\" class=\"attachment-large size-large wp-image-1361\" alt=\"\" srcset=\"https:\/\/festiwalkns.pl\/wp-content\/uploads\/2025\/07\/DSC_0686-1024x683.jpg 1024w, https:\/\/festiwalkns.pl\/wp-content\/uploads\/2025\/07\/DSC_0686-300x200.jpg 300w, https:\/\/festiwalkns.pl\/wp-content\/uploads\/2025\/07\/DSC_0686-768x512.jpg 768w, https:\/\/festiwalkns.pl\/wp-content\/uploads\/2025\/07\/DSC_0686.jpg 1200w\" sizes=\"(max-width: 1024px) 100vw, 1024px\" \/>\t\t\t\t\t\t\t\t\t\t\t\t\t\t\t<\/div>\n\t\t\t\t<\/div>\n\t\t\t\t\t<\/div>\n\t\t\t\t<\/div>\n\t\t\t\t<\/div>\n\t\t","protected":false},"excerpt":{"rendered":"<p>Zapisz si\u0119 na Festiwal KNS Wype\u0142nij formularz Wybierz interesuj\u0105ce Ci\u0119 wydarzenie\/a: Administratorem Twoich danych osobowych jest Katolickie Stowarzyszenie \u201eCivitas Christiana\u201d. W tre\u015bci \u201eKlauzuli informacyjnej\u201d znajdziesz szczeg\u00f3\u0142owe informacje o przetwarzaniu Twoich danych osobowych. Masz pytania? Skontaktuj si\u0119 z nami: festiwalkns@civitaschristiana.pl<\/p>\n","protected":false},"author":1,"featured_media":0,"parent":0,"menu_order":0,"comment_status":"closed","ping_status":"closed","template":"","meta":{"footnotes":""},"class_list":["post-1546","page","type-page","status-publish","hentry"],"blocksy_meta":{"page_title_panel":"","has_hero_section":"disabled","1bb3ce9c72c20a4cf1b168f7f372451f":"","hero_section":"type-1","hero_elements":[{"id":"custom_title","enabled":true,"heading_tag":"h1","title":"Home"},{"id":"custom_description","enabled":true,"description_visibility":{"desktop":true,"tablet":true,"mobile":false}},{"id":"custom_meta","enabled":false,"meta_elements":[{"id":"author","enabled":true,"label":"By","has_author_avatar":"yes","avatar_size":25},{"id":"post_date","enabled":true,"label":"On","date_format_source":"default","date_format":"M j, Y"},{"id":"updated_date","enabled":false,"label":"On","date_format_source":"default","date_format":"M j, Y"},{"id":"categories","enabled":false,"label":"In","style":"simple"},{"id":"comments","enabled":true}],"page_meta_elements":{"joined":true,"articles_count":true,"comments":true}},{"id":"breadcrumbs","enabled":false}],"a2058bb0a36d983451521b4362af85d7":"","hero_alignment1":"CT_CSS_SKIP_RULE","hero_margin":40,"hero_alignment2":"center","hero_vertical_alignment":"center","71e71fbee2f06548cf383542faa0a7b1":"","hero_structure":"narrow","1d4ceb520f68564defc9bb3ecbf331f6":"","page_title_bg_type":"featured_image","custom_hero_background":{"attachment_id":null},"page_title_image_size":"full","parallax":{"desktop":false,"tablet":false,"mobile":false},"c70bd2ef44adacaf481498245b285f93":"","hero_height":"250px","pageTitleFont":{"family":"Default","variation":"Default","size":"30px","line-height":"CT_CSS_SKIP_RULE","letter-spacing":"CT_CSS_SKIP_RULE","text-transform":"CT_CSS_SKIP_RULE","text-decoration":"CT_CSS_SKIP_RULE"},"pageTitleFontColor":{"default":{"color":"CT_CSS_SKIP_RULEDEFAULT"}},"pageMetaFont":{"family":"Default","variation":"n6","size":"12px","line-height":"1.3","letter-spacing":"CT_CSS_SKIP_RULE","text-transform":"uppercase","text-decoration":"CT_CSS_SKIP_RULE"},"pageMetaFontColor":{"default":{"color":"CT_CSS_SKIP_RULEDEFAULT"},"hover":{"color":"CT_CSS_SKIP_RULEDEFAULT"}},"page_meta_button_type_font_colors":{"default":{"color":"CT_CSS_SKIP_RULEDEFAULT"},"hover":{"color":"CT_CSS_SKIP_RULEDEFAULT"}},"page_meta_button_type_background_colors":{"default":{"color":"CT_CSS_SKIP_RULEDEFAULT"},"hover":{"color":"CT_CSS_SKIP_RULEDEFAULT"}},"pageExcerptFont":{"family":"Default","variation":"Default","size":"CT_CSS_SKIP_RULE","line-height":"CT_CSS_SKIP_RULE","letter-spacing":"CT_CSS_SKIP_RULE","text-transform":"CT_CSS_SKIP_RULE","text-decoration":"CT_CSS_SKIP_RULE"},"pageExcerptColor":{"default":{"color":"CT_CSS_SKIP_RULEDEFAULT"}},"breadcrumbsFont":{"family":"Default","variation":"Default","size":"CT_CSS_SKIP_RULE","line-height":"CT_CSS_SKIP_RULE","letter-spacing":"CT_CSS_SKIP_RULE","text-transform":"CT_CSS_SKIP_RULE","text-decoration":"CT_CSS_SKIP_RULE"},"breadcrumbsFontColor":{"default":{"color":"CT_CSS_SKIP_RULEDEFAULT"},"initial":{"color":"CT_CSS_SKIP_RULEDEFAULT"},"hover":{"color":"CT_CSS_SKIP_RULEDEFAULT"}},"pageTitleOverlay":{"background_type":"color","background_pattern":"type-1","background_image":{"attachment_id":null,"x":0,"y":0},"gradient":"linear-gradient(135deg,rgba(6,147,227,1) 0%,rgb(155,81,224) 100%)","background_repeat":"repeat","background_size":"auto","background_attachment":"scroll","patternColor":{"default":{"color":"#e5e7ea"}},"overlayColor":{"default":{"color":"CT_CSS_SKIP_RULE"}},"backgroundColor":{"default":{"color":"CT_CSS_SKIP_RULE"}}},"pageTitleBackground":{"background_type":"color","background_pattern":"type-1","background_image":{"attachment_id":null,"x":0,"y":0},"gradient":"linear-gradient(135deg,rgba(6,147,227,1) 0%,rgb(155,81,224) 100%)","background_repeat":"repeat","background_size":"auto","background_attachment":"scroll","patternColor":{"default":{"color":"#e5e7ea"}},"overlayColor":{"default":{"color":"CT_CSS_SKIP_RULE"}},"backgroundColor":{"default":{"color":"var(--theme-palette-color-6)"}}},"pageTitlePadding":{"top":"50px","bottom":"50px","left":"auto","right":"auto","linked":true},"65f2a91d88201126578f6ba1836a3d2e":"","page_structure_type":"default","7c87dc879652efdd0e0c2e8f35e5995e":"","content_style_source":"inherit","content_style":"wide","vertical_spacing_source":"custom","content_area_spacing":"none","background":{"background_type":"color","background_pattern":"type-1","background_image":{"attachment_id":null,"x":0,"y":0},"gradient":"linear-gradient(135deg,rgba(6,147,227,1) 0%,rgb(155,81,224) 100%)","background_repeat":"repeat","background_size":"auto","background_attachment":"scroll","patternColor":{"default":{"color":"#e5e7ea"}},"overlayColor":{"default":{"color":"CT_CSS_SKIP_RULE"}},"backgroundColor":{"default":{"color":"CT_CSS_SKIP_RULE"}}},"content_background":{"background_type":"color","background_pattern":"type-1","background_image":{"attachment_id":null,"x":0,"y":0},"gradient":"linear-gradient(135deg,rgba(6,147,227,1) 0%,rgb(155,81,224) 100%)","background_repeat":"repeat","background_size":"auto","background_attachment":"scroll","patternColor":{"default":{"color":"#e5e7ea"}},"overlayColor":{"default":{"color":"CT_CSS_SKIP_RULE"}},"backgroundColor":{"default":{"color":"var(--theme-palette-color-8)"}}},"content_boxed_shadow":{"inherit":false,"blur":18,"spread":-6,"v_offset":12,"h_offset":0,"inset":false,"enable":true,"color":{"color":"rgba(34, 56, 101, 0.04)"}},"content_boxed_border":{"width":1,"style":"none","color":{"color":"rgba(44,62,80,0.2)"}},"content_boxed_radius":{"top":"3px","bottom":"3px","left":"3px","right":"3px","linked":true},"boxed_content_spacing":{"desktop":{"top":"40px","bottom":"40px","left":"40px","right":"40px","linked":true},"tablet":{"top":"35px","bottom":"35px","left":"35px","right":"35px","linked":true},"mobile":{"top":"20px","bottom":"20px","left":"20px","right":"20px","linked":true}},"548a6ec19c21e3f19d04b213c774ca97":"","disable_featured_image":"no","disable_share_box":"no","disable_header":"no","disable_footer":"no","styles_descriptor":{"styles":{"desktop":"","tablet":"","mobile":""},"google_fonts":[],"version":6}},"_links":{"self":[{"href":"https:\/\/festiwalkns.pl\/index.php?rest_route=\/wp\/v2\/pages\/1546","targetHints":{"allow":["GET"]}}],"collection":[{"href":"https:\/\/festiwalkns.pl\/index.php?rest_route=\/wp\/v2\/pages"}],"about":[{"href":"https:\/\/festiwalkns.pl\/index.php?rest_route=\/wp\/v2\/types\/page"}],"author":[{"embeddable":true,"href":"https:\/\/festiwalkns.pl\/index.php?rest_route=\/wp\/v2\/users\/1"}],"replies":[{"embeddable":true,"href":"https:\/\/festiwalkns.pl\/index.php?rest_route=%2Fwp%2Fv2%2Fcomments&post=1546"}],"version-history":[{"count":26,"href":"https:\/\/festiwalkns.pl\/index.php?rest_route=\/wp\/v2\/pages\/1546\/revisions"}],"predecessor-version":[{"id":1630,"href":"https:\/\/festiwalkns.pl\/index.php?rest_route=\/wp\/v2\/pages\/1546\/revisions\/1630"}],"wp:attachment":[{"href":"https:\/\/festiwalkns.pl\/index.php?rest_route=%2Fwp%2Fv2%2Fmedia&parent=1546"}],"curies":[{"name":"wp","href":"https:\/\/api.w.org\/{rel}","templated":true}]}}