{"id":653,"date":"2022-10-07T07:06:37","date_gmt":"2022-10-07T07:06:37","guid":{"rendered":"https:\/\/startersites.io\/elementor\/renovation\/?page_id=653"},"modified":"2025-07-25T09:20:16","modified_gmt":"2025-07-25T07:20:16","slug":"formularz","status":"publish","type":"page","link":"https:\/\/festiwalkns.pl\/?page_id=653","title":{"rendered":"Formularz akredytacyjny"},"content":{"rendered":"\t\t<div data-elementor-type=\"wp-page\" data-elementor-id=\"653\" class=\"elementor elementor-653\">\n\t\t\t\t<div class=\"elementor-element elementor-element-0187f22 alignwide e-flex e-con-boxed e-con e-parent\" data-id=\"0187f22\" data-element_type=\"container\">\n\t\t\t\t\t<div class=\"e-con-inner\">\n\t\t<div class=\"elementor-element elementor-element-00be534 e-con-full e-flex e-con e-child\" data-id=\"00be534\" data-element_type=\"container\" data-settings=\"{&quot;background_background&quot;:&quot;classic&quot;}\">\n\t\t\t\t<div class=\"elementor-element elementor-element-ec9aa56 elementor-widget elementor-widget-heading\" data-id=\"ec9aa56\" data-element_type=\"widget\" data-widget_type=\"heading.default\">\n\t\t\t\t\t<h3 class=\"elementor-heading-title elementor-size-default\">Formularz akredytacyjny<\/h3>\t\t\t\t<\/div>\n\t\t\t\t<div class=\"elementor-element elementor-element-1275b71 elementor-mobile-align-center elementor-widget elementor-widget-button\" data-id=\"1275b71\" data-element_type=\"widget\" data-widget_type=\"button.default\">\n\t\t\t\t\t\t\t\t\t\t<a class=\"elementor-button elementor-button-link elementor-size-sm\" href=\"#formularz\">\n\t\t\t\t\t\t<span class=\"elementor-button-content-wrapper\">\n\t\t\t\t\t\t\t\t\t<span class=\"elementor-button-text\">zapisz si\u0119<\/span>\n\t\t\t\t\t<\/span>\n\t\t\t\t\t<\/a>\n\t\t\t\t\t\t\t\t<\/div>\n\t\t\t\t<\/div>\n\t\t<div class=\"elementor-element elementor-element-77fbfc2 e-con-full e-flex e-con e-child\" data-id=\"77fbfc2\" data-element_type=\"container\" data-settings=\"{&quot;background_background&quot;:&quot;classic&quot;}\">\n\t\t\t\t<\/div>\n\t\t\t\t\t<\/div>\n\t\t\t\t<\/div>\n\t\t<div class=\"elementor-element elementor-element-111481b e-flex e-con-boxed e-con e-parent\" data-id=\"111481b\" data-element_type=\"container\" id=\"zapisy\" data-settings=\"{&quot;background_background&quot;:&quot;classic&quot;}\">\n\t\t\t\t\t<div class=\"e-con-inner\">\n\t\t<div class=\"elementor-element elementor-element-de4b647 e-flex e-con-boxed e-con e-child\" data-id=\"de4b647\" data-element_type=\"container\" id=\"formularz\" data-settings=\"{&quot;background_background&quot;:&quot;classic&quot;}\">\n\t\t\t\t\t<div class=\"e-con-inner\">\n\t\t\t\t<div class=\"elementor-element elementor-element-d90a3a8 elementor-widget elementor-widget-heading\" data-id=\"d90a3a8\" data-element_type=\"widget\" data-widget_type=\"heading.default\">\n\t\t\t\t\t<h4 class=\"elementor-heading-title elementor-size-default\">Zapraszamy osoby reprezentuj\u0105ce media do wype\u0142nienia formularza akredytacyjnego. Zg\u0142oszenia przyjmujemy do 17 wrze\u015bnia.<\/h4>\t\t\t\t<\/div>\n\t\t\t\t<div class=\"elementor-element elementor-element-e4ced22 elementor-widget elementor-widget-shortcode\" data-id=\"e4ced22\" data-element_type=\"widget\" data-widget_type=\"shortcode.default\">\n\t\t\t\t\t\t\t<div class=\"elementor-shortcode\"><div class=\"wpforms-container wpforms-render-modern\" id=\"wpforms-1542\"><form id=\"wpforms-form-1542\" class=\"wpforms-validate wpforms-form wpforms-ajax-form\" data-formid=\"1542\" method=\"post\" enctype=\"multipart\/form-data\" action=\"\/index.php?rest_route=%2Fwp%2Fv2%2Fpages%2F653\" data-token=\"81f0d12cadfdc1460c8a4979441ff6e9\" data-token-time=\"1777203348\"><noscript class=\"wpforms-error-noscript\">Please enable JavaScript in your browser to complete this form.<\/noscript><div id=\"wpforms-error-noscript\" style=\"display: none;\">Please enable JavaScript in your browser to complete this form.<\/div><div class=\"wpforms-field-container\">\t\t<div id=\"wpforms-1542-field_1-container\"\n\t\t\tclass=\"wpforms-field wpforms-field-text\"\n\t\t\tdata-field-type=\"text\"\n\t\t\tdata-field-id=\"1\"\n\t\t\t>\n\t\t\t<label class=\"wpforms-field-label\" for=\"wpforms-1542-field_1\" >medium O\u015bwiadczenie i<\/label>\n\t\t\t<input type=\"text\" id=\"wpforms-1542-field_1\" class=\"wpforms-field-medium\" name=\"wpforms[fields][1]\" >\n\t\t<\/div>\n\t\t<div id=\"wpforms-1542-field_11-container\" class=\"wpforms-field wpforms-field-name\" data-field-id=\"11\"><label class=\"wpforms-field-label\" for=\"wpforms-1542-field_11\">Redakcja (wpisz nazw\u0119 redakcji \/ instytucji \/ medium) <span class=\"wpforms-required-label\" aria-hidden=\"true\">*<\/span><\/label><input type=\"text\" id=\"wpforms-1542-field_11\" class=\"wpforms-field-medium wpforms-field-required\" name=\"wpforms[fields][11]\" aria-errormessage=\"wpforms-1542-field_11-error\" required><\/div><div id=\"wpforms-1542-field_20-container\" class=\"wpforms-field wpforms-field-select wpforms-field-select-style-classic\" data-field-id=\"20\"><label class=\"wpforms-field-label\" for=\"wpforms-1542-field_20\">Rodzaj medium<\/label><select id=\"wpforms-1542-field_20\" class=\"wpforms-field-medium\" name=\"wpforms[fields][20]\"><option value=\"Prasa\" >Prasa<\/option><option value=\"Radio\" >Radio<\/option><option value=\"Telewizja\" >Telewizja<\/option><option value=\"Internet\" >Internet<\/option><option value=\"Agencja Informacyjna\" >Agencja Informacyjna<\/option><\/select><\/div><div id=\"wpforms-1542-field_19-container\" class=\"wpforms-field wpforms-field-name\" data-field-id=\"19\"><label class=\"wpforms-field-label\" for=\"wpforms-1542-field_19\">Imi\u0119 i nazwisko <span class=\"wpforms-required-label\" aria-hidden=\"true\">*<\/span><\/label><input type=\"text\" id=\"wpforms-1542-field_19\" class=\"wpforms-field-medium wpforms-field-required\" name=\"wpforms[fields][19]\" aria-errormessage=\"wpforms-1542-field_19-error\" required><\/div><div id=\"wpforms-1542-field_12-container\" class=\"wpforms-field wpforms-field-email\" data-field-id=\"12\"><label class=\"wpforms-field-label\" for=\"wpforms-1542-field_12\">Adres e-mail <span class=\"wpforms-required-label\" aria-hidden=\"true\">*<\/span><\/label><input type=\"email\" id=\"wpforms-1542-field_12\" class=\"wpforms-field-medium wpforms-field-required\" name=\"wpforms[fields][12]\" spellcheck=\"false\" aria-errormessage=\"wpforms-1542-field_12-error\" required><\/div><div id=\"wpforms-1542-field_13-container\" class=\"wpforms-field wpforms-field-text\" data-field-id=\"13\"><label class=\"wpforms-field-label\" for=\"wpforms-1542-field_13\">Numer telefonu (opcjonalnie)<\/label><input type=\"text\" id=\"wpforms-1542-field_13\" class=\"wpforms-field-medium\" name=\"wpforms[fields][13]\" aria-errormessage=\"wpforms-1542-field_13-error\" ><\/div><div id=\"wpforms-1542-field_21-container\" class=\"wpforms-field wpforms-field-radio\" data-field-id=\"21\"><fieldset><legend class=\"wpforms-field-label\">O\u015bwiadczenie <span class=\"wpforms-required-label\" aria-hidden=\"true\">*<\/span><\/legend><ul id=\"wpforms-1542-field_21\" class=\"wpforms-field-required\"><li class=\"choice-1 depth-1\"><input type=\"radio\" id=\"wpforms-1542-field_21_1\" name=\"wpforms[fields][21]\" value=\"O\u015bwiadczam, \u017ce dane zawarte w formularzu s\u0105 zgodne ze stanem prawnym i faktycznym.\" aria-errormessage=\"wpforms-1542-field_21_1-error\" required ><label class=\"wpforms-field-label-inline\" for=\"wpforms-1542-field_21_1\">O\u015bwiadczam, \u017ce dane zawarte w formularzu s\u0105 zgodne ze stanem prawnym i faktycznym.<\/label><\/li><\/ul><\/fieldset><\/div><div id=\"wpforms-1542-field_22-container\" class=\"wpforms-field wpforms-field-radio\" data-field-id=\"22\"><fieldset><legend class=\"wpforms-field-label\">Zgoda <span class=\"wpforms-required-label\" aria-hidden=\"true\">*<\/span><\/legend><ul id=\"wpforms-1542-field_22\" class=\"wpforms-field-required\"><li class=\"choice-1 depth-1\"><input type=\"radio\" id=\"wpforms-1542-field_22_1\" name=\"wpforms[fields][22]\" value=\"Wyra\u017cam zgod\u0119 na otrzymywanie informacji o wydarzeniach, imprezach i konkursach organizowanych przez Katolickie Stowarzyszenie \u201eCivitas Christiana\u201d z siedzib\u0105 przy ul. Wsp\u00f3lnej 25, 00-519 Warszawa na podany przeze mnie adres e-mail i nr telefonu kom\u00f3rkowego. Przyjmuj\u0119 do wiadomo\u015bci, \u017ce niniejsza zgoda mo\u017ce zosta\u0107 odwo\u0142ana w ka\u017cdym czasie, w szczeg\u00f3lno\u015bci poprzez kontakt na adres e-mail: iod@civitaschristiana.pl.\" aria-errormessage=\"wpforms-1542-field_22_1-error\" required ><label class=\"wpforms-field-label-inline\" for=\"wpforms-1542-field_22_1\">Wyra\u017cam zgod\u0119 na otrzymywanie informacji o wydarzeniach, imprezach i konkursach organizowanych przez Katolickie Stowarzyszenie \u201eCivitas Christiana\u201d z siedzib\u0105 przy ul. Wsp\u00f3lnej 25, 00-519 Warszawa na podany przeze mnie adres e-mail i nr telefonu kom\u00f3rkowego. Przyjmuj\u0119 do wiadomo\u015bci, \u017ce niniejsza zgoda mo\u017ce zosta\u0107 odwo\u0142ana w ka\u017cdym czasie, w szczeg\u00f3lno\u015bci poprzez kontakt na adres e-mail: iod@civitaschristiana.pl.<\/label><\/li><\/ul><\/fieldset><\/div><script>\n\t\t\t\t( function() {\n\t\t\t\t\tconst style = document.createElement( 'style' );\n\t\t\t\t\tstyle.appendChild( document.createTextNode( '#wpforms-1542-field_1-container { position: absolute !important; overflow: hidden !important; display: inline !important; height: 1px !important; width: 1px !important; z-index: -1000 !important; padding: 0 !important; } #wpforms-1542-field_1-container input { visibility: hidden; } #wpforms-conversational-form-page #wpforms-1542-field_1-container label { counter-increment: none; }' ) );\n\t\t\t\t\tdocument.head.appendChild( style );\n\t\t\t\t\tdocument.currentScript?.remove();\n\t\t\t\t} )();\n\t\t\t<\/script><\/div><!-- .wpforms-field-container --><div class=\"wpforms-submit-container\" ><input type=\"hidden\" name=\"wpforms[id]\" value=\"1542\"><input type=\"hidden\" name=\"page_title\" value=\"\"><input type=\"hidden\" name=\"page_url\" value=\"https:\/\/festiwalkns.pl\/index.php?rest_route=\/wp\/v2\/pages\/653\"><input type=\"hidden\" name=\"url_referer\" value=\"\"><button type=\"submit\" name=\"wpforms[submit]\" id=\"wpforms-submit-1542\" class=\"wpforms-submit\" data-alt-text=\"Wysy\u0142anie...\" data-submit-text=\"ZAPISZ SI\u0118\" aria-live=\"assertive\" value=\"wpforms-submit\">ZAPISZ SI\u0118<\/button><img decoding=\"async\" src=\"https:\/\/festiwalkns.pl\/wp-content\/plugins\/wpforms\/assets\/images\/submit-spin.svg\" class=\"wpforms-submit-spinner\" style=\"display: none;\" width=\"26\" height=\"26\" alt=\"Loading\"><\/div><\/form><\/div>  <!-- .wpforms-container --><\/div>\n\t\t\t\t\t\t<\/div>\n\t\t\t\t<div class=\"elementor-element elementor-element-a388964 elementor-widget elementor-widget-text-editor\" data-id=\"a388964\" data-element_type=\"widget\" data-widget_type=\"text-editor.default\">\n\t\t\t\t\t\t\t\t\t<p>Administratorem Twoich danych osobowych jest Katolickie Stowarzyszenie \u201eCivitas Christiana\u201d.<\/p>\t\t\t\t\t\t\t\t<\/div>\n\t\t\t\t\t<\/div>\n\t\t\t\t<\/div>\n\t\t\t\t\t<\/div>\n\t\t\t\t<\/div>\n\t\t<div class=\"elementor-element elementor-element-147bf26 e-flex e-con-boxed e-con e-parent\" data-id=\"147bf26\" data-element_type=\"container\" data-settings=\"{&quot;background_background&quot;:&quot;classic&quot;}\">\n\t\t\t\t\t<div class=\"e-con-inner\">\n\t\t<div class=\"elementor-element elementor-element-72623a0 e-con-full e-flex e-con e-child\" data-id=\"72623a0\" data-element_type=\"container\">\n\t\t\t\t<div class=\"elementor-element elementor-element-28291c9 elementor-widget elementor-widget-text-editor\" data-id=\"28291c9\" data-element_type=\"widget\" data-widget_type=\"text-editor.default\">\n\t\t\t\t\t\t\t\t\t<p>Masz pytania? Skontaktuj si\u0119 z nami:<\/p>\t\t\t\t\t\t\t\t<\/div>\n\t\t\t\t<div class=\"elementor-element elementor-element-10654a9 elementor-widget elementor-widget-heading\" data-id=\"10654a9\" data-element_type=\"widget\" data-widget_type=\"heading.default\">\n\t\t\t\t\t<h3 class=\"elementor-heading-title elementor-size-default\">festiwalkns@civitaschristiana.pl<\/h3>\t\t\t\t<\/div>\n\t\t\t\t<\/div>\n\t\t<div class=\"elementor-element elementor-element-a1658f3 e-con-full e-flex e-con e-child\" data-id=\"a1658f3\" data-element_type=\"container\">\n\t\t\t\t<div class=\"elementor-element elementor-element-1d596b5 elementor-widget elementor-widget-image\" data-id=\"1d596b5\" data-element_type=\"widget\" data-widget_type=\"image.default\">\n\t\t\t\t\t\t\t\t\t\t\t\t\t\t\t<img fetchpriority=\"high\" decoding=\"async\" width=\"1024\" height=\"683\" src=\"https:\/\/festiwalkns.pl\/wp-content\/uploads\/2025\/07\/DSC_0686-1024x683.jpg\" class=\"attachment-large size-large wp-image-1361\" alt=\"\" srcset=\"https:\/\/festiwalkns.pl\/wp-content\/uploads\/2025\/07\/DSC_0686-1024x683.jpg 1024w, https:\/\/festiwalkns.pl\/wp-content\/uploads\/2025\/07\/DSC_0686-300x200.jpg 300w, https:\/\/festiwalkns.pl\/wp-content\/uploads\/2025\/07\/DSC_0686-768x512.jpg 768w, https:\/\/festiwalkns.pl\/wp-content\/uploads\/2025\/07\/DSC_0686.jpg 1200w\" sizes=\"(max-width: 1024px) 100vw, 1024px\" \/>\t\t\t\t\t\t\t\t\t\t\t\t\t\t\t<\/div>\n\t\t\t\t<\/div>\n\t\t\t\t\t<\/div>\n\t\t\t\t<\/div>\n\t\t\t\t<\/div>\n\t\t","protected":false},"excerpt":{"rendered":"<p>Formularz akredytacyjny zapisz si\u0119 Zapraszamy osoby reprezentuj\u0105ce media do wype\u0142nienia formularza akredytacyjnego. Zg\u0142oszenia przyjmujemy do 17 wrze\u015bnia. Administratorem Twoich danych osobowych jest Katolickie Stowarzyszenie \u201eCivitas Christiana\u201d. Masz pytania? Skontaktuj si\u0119 z nami: festiwalkns@civitaschristiana.pl<\/p>\n","protected":false},"author":1,"featured_media":0,"parent":0,"menu_order":0,"comment_status":"closed","ping_status":"closed","template":"","meta":{"footnotes":""},"class_list":["post-653","page","type-page","status-publish","hentry"],"blocksy_meta":{"page_title_panel":"","has_hero_section":"disabled","1bb3ce9c72c20a4cf1b168f7f372451f":"","hero_section":"type-1","hero_elements":[{"id":"custom_title","enabled":true,"heading_tag":"h1","title":"Home"},{"id":"custom_description","enabled":true,"description_visibility":{"desktop":true,"tablet":true,"mobile":false}},{"id":"custom_meta","enabled":false,"meta_elements":[{"id":"author","enabled":true,"label":"By","has_author_avatar":"yes","avatar_size":25},{"id":"post_date","enabled":true,"label":"On","date_format_source":"default","date_format":"M j, Y"},{"id":"updated_date","enabled":false,"label":"On","date_format_source":"default","date_format":"M j, Y"},{"id":"categories","enabled":false,"label":"In","style":"simple"},{"id":"comments","enabled":true}],"page_meta_elements":{"joined":true,"articles_count":true,"comments":true}},{"id":"breadcrumbs","enabled":false}],"a2058bb0a36d983451521b4362af85d7":"","hero_alignment1":"CT_CSS_SKIP_RULE","hero_margin":40,"hero_alignment2":"center","hero_vertical_alignment":"center","71e71fbee2f06548cf383542faa0a7b1":"","hero_structure":"narrow","1d4ceb520f68564defc9bb3ecbf331f6":"","page_title_bg_type":"featured_image","custom_hero_background":{"attachment_id":null},"page_title_image_size":"full","parallax":{"desktop":false,"tablet":false,"mobile":false},"c70bd2ef44adacaf481498245b285f93":"","hero_height":"250px","pageTitleFont":{"family":"Default","variation":"Default","size":"30px","line-height":"CT_CSS_SKIP_RULE","letter-spacing":"CT_CSS_SKIP_RULE","text-transform":"CT_CSS_SKIP_RULE","text-decoration":"CT_CSS_SKIP_RULE"},"pageTitleFontColor":{"default":{"color":"CT_CSS_SKIP_RULEDEFAULT"}},"pageMetaFont":{"family":"Default","variation":"n6","size":"12px","line-height":"1.3","letter-spacing":"CT_CSS_SKIP_RULE","text-transform":"uppercase","text-decoration":"CT_CSS_SKIP_RULE"},"pageMetaFontColor":{"default":{"color":"CT_CSS_SKIP_RULEDEFAULT"},"hover":{"color":"CT_CSS_SKIP_RULEDEFAULT"}},"page_meta_button_type_font_colors":{"default":{"color":"CT_CSS_SKIP_RULEDEFAULT"},"hover":{"color":"CT_CSS_SKIP_RULEDEFAULT"}},"page_meta_button_type_background_colors":{"default":{"color":"CT_CSS_SKIP_RULEDEFAULT"},"hover":{"color":"CT_CSS_SKIP_RULEDEFAULT"}},"pageExcerptFont":{"family":"Default","variation":"Default","size":"CT_CSS_SKIP_RULE","line-height":"CT_CSS_SKIP_RULE","letter-spacing":"CT_CSS_SKIP_RULE","text-transform":"CT_CSS_SKIP_RULE","text-decoration":"CT_CSS_SKIP_RULE"},"pageExcerptColor":{"default":{"color":"CT_CSS_SKIP_RULEDEFAULT"}},"breadcrumbsFont":{"family":"Default","variation":"Default","size":"CT_CSS_SKIP_RULE","line-height":"CT_CSS_SKIP_RULE","letter-spacing":"CT_CSS_SKIP_RULE","text-transform":"CT_CSS_SKIP_RULE","text-decoration":"CT_CSS_SKIP_RULE"},"breadcrumbsFontColor":{"default":{"color":"CT_CSS_SKIP_RULEDEFAULT"},"initial":{"color":"CT_CSS_SKIP_RULEDEFAULT"},"hover":{"color":"CT_CSS_SKIP_RULEDEFAULT"}},"pageTitleOverlay":{"background_type":"color","background_pattern":"type-1","background_image":{"attachment_id":null,"x":0,"y":0},"gradient":"linear-gradient(135deg,rgba(6,147,227,1) 0%,rgb(155,81,224) 100%)","background_repeat":"repeat","background_size":"auto","background_attachment":"scroll","patternColor":{"default":{"color":"#e5e7ea"}},"overlayColor":{"default":{"color":"CT_CSS_SKIP_RULE"}},"backgroundColor":{"default":{"color":"CT_CSS_SKIP_RULE"}}},"pageTitleBackground":{"background_type":"color","background_pattern":"type-1","background_image":{"attachment_id":null,"x":0,"y":0},"gradient":"linear-gradient(135deg,rgba(6,147,227,1) 0%,rgb(155,81,224) 100%)","background_repeat":"repeat","background_size":"auto","background_attachment":"scroll","patternColor":{"default":{"color":"#e5e7ea"}},"overlayColor":{"default":{"color":"CT_CSS_SKIP_RULE"}},"backgroundColor":{"default":{"color":"var(--theme-palette-color-6)"}}},"pageTitlePadding":{"top":"50px","bottom":"50px","left":"auto","right":"auto","linked":true},"65f2a91d88201126578f6ba1836a3d2e":"","page_structure_type":"default","7c87dc879652efdd0e0c2e8f35e5995e":"","content_style_source":"inherit","content_style":"wide","vertical_spacing_source":"custom","content_area_spacing":"none","background":{"background_type":"color","background_pattern":"type-1","background_image":{"attachment_id":null,"x":0,"y":0},"gradient":"linear-gradient(135deg,rgba(6,147,227,1) 0%,rgb(155,81,224) 100%)","background_repeat":"repeat","background_size":"auto","background_attachment":"scroll","patternColor":{"default":{"color":"#e5e7ea"}},"overlayColor":{"default":{"color":"CT_CSS_SKIP_RULE"}},"backgroundColor":{"default":{"color":"CT_CSS_SKIP_RULE"}}},"content_background":{"background_type":"color","background_pattern":"type-1","background_image":{"attachment_id":null,"x":0,"y":0},"gradient":"linear-gradient(135deg,rgba(6,147,227,1) 0%,rgb(155,81,224) 100%)","background_repeat":"repeat","background_size":"auto","background_attachment":"scroll","patternColor":{"default":{"color":"#e5e7ea"}},"overlayColor":{"default":{"color":"CT_CSS_SKIP_RULE"}},"backgroundColor":{"default":{"color":"var(--theme-palette-color-8)"}}},"content_boxed_shadow":{"inherit":false,"blur":18,"spread":-6,"v_offset":12,"h_offset":0,"inset":false,"enable":true,"color":{"color":"rgba(34, 56, 101, 0.04)"}},"content_boxed_border":{"width":1,"style":"none","color":{"color":"rgba(44,62,80,0.2)"}},"content_boxed_radius":{"top":"3px","bottom":"3px","left":"3px","right":"3px","linked":true},"boxed_content_spacing":{"desktop":{"top":"40px","bottom":"40px","left":"40px","right":"40px","linked":true},"tablet":{"top":"35px","bottom":"35px","left":"35px","right":"35px","linked":true},"mobile":{"top":"20px","bottom":"20px","left":"20px","right":"20px","linked":true}},"548a6ec19c21e3f19d04b213c774ca97":"","disable_featured_image":"no","disable_share_box":"no","disable_header":"no","disable_footer":"no","styles_descriptor":{"styles":{"desktop":"","tablet":"","mobile":""},"google_fonts":[],"version":6}},"_links":{"self":[{"href":"https:\/\/festiwalkns.pl\/index.php?rest_route=\/wp\/v2\/pages\/653","targetHints":{"allow":["GET"]}}],"collection":[{"href":"https:\/\/festiwalkns.pl\/index.php?rest_route=\/wp\/v2\/pages"}],"about":[{"href":"https:\/\/festiwalkns.pl\/index.php?rest_route=\/wp\/v2\/types\/page"}],"author":[{"embeddable":true,"href":"https:\/\/festiwalkns.pl\/index.php?rest_route=\/wp\/v2\/users\/1"}],"replies":[{"embeddable":true,"href":"https:\/\/festiwalkns.pl\/index.php?rest_route=%2Fwp%2Fv2%2Fcomments&post=653"}],"version-history":[{"count":21,"href":"https:\/\/festiwalkns.pl\/index.php?rest_route=\/wp\/v2\/pages\/653\/revisions"}],"predecessor-version":[{"id":1633,"href":"https:\/\/festiwalkns.pl\/index.php?rest_route=\/wp\/v2\/pages\/653\/revisions\/1633"}],"wp:attachment":[{"href":"https:\/\/festiwalkns.pl\/index.php?rest_route=%2Fwp%2Fv2%2Fmedia&parent=653"}],"curies":[{"name":"wp","href":"https:\/\/api.w.org\/{rel}","templated":true}]}}